{"id":47,"date":"2024-10-15T22:26:25","date_gmt":"2024-10-15T20:26:25","guid":{"rendered":"https:\/\/mariereflexo.fr\/?page_id=47"},"modified":"2024-10-25T14:40:48","modified_gmt":"2024-10-25T12:40:48","slug":"bienvenu-sur-mon-site","status":"publish","type":"page","link":"https:\/\/mariereflexo.fr\/","title":{"rendered":"BIENVENUE SUR MON SITE"},"content":{"rendered":"\n<p><\/p>\n\n\n\n<figure class=\"wp-block-image\"><img loading=\"lazy\" decoding=\"async\" width=\"768\" height=\"1024\" src=\"https:\/\/mariereflexo.fr\/wp-content\/uploads\/2024\/10\/IMG_9664-768x1024.jpg\" alt=\"\" class=\"wp-image-44\" srcset=\"https:\/\/mariereflexo.fr\/wp-content\/uploads\/2024\/10\/IMG_9664-768x1024.jpg 768w, https:\/\/mariereflexo.fr\/wp-content\/uploads\/2024\/10\/IMG_9664-225x300.jpg 225w, https:\/\/mariereflexo.fr\/wp-content\/uploads\/2024\/10\/IMG_9664-1152x1536.jpg 1152w, https:\/\/mariereflexo.fr\/wp-content\/uploads\/2024\/10\/IMG_9664-1536x2048.jpg 1536w, https:\/\/mariereflexo.fr\/wp-content\/uploads\/2024\/10\/IMG_9664-scaled.jpg 1920w\" sizes=\"auto, (max-width: 768px) 100vw, 768px\" \/><\/figure>\n\n\n\n<figure class=\"wp-block-image aligncenter\"><img loading=\"lazy\" decoding=\"async\" width=\"271\" height=\"291\" src=\"https:\/\/mariereflexo.fr\/wp-content\/uploads\/2024\/10\/LOGO_ML_ANDREVON_RP.png\" alt=\"\" class=\"wp-image-18\"\/><\/figure>\n\n\n\n<p><strong>Qui suis je ?<\/strong><\/p>\n\n\n\n<p>J\u2019 ai toujours eu \u00e0 coeur de soigner et de mon point de vue la sant\u00e9 passe aussi par le bien \u00eatre, aussi la r\u00e9flexologie est naturellement venue \u00e0 moi.<\/p>\n\n\n\n<p>Dans une autre vie professionnelle , j ai exerc\u00e9 comme auxiliaire de pu\u00e9riculture en maternit\u00e9 et p\u00e9diatrie.<\/p>\n\n\n\n<p>Riche de mon exp\u00e9rience aupr\u00e8s du nourrisson et de la femme enceinte , je propose des soins de r\u00e9flexologie qui leur sont sp\u00e9cifiquement d\u00e9di\u00e9s.<\/p>\n\n\n\n<figure class=\"wp-block-image\"><img loading=\"lazy\" decoding=\"async\" width=\"1024\" height=\"683\" src=\"https:\/\/mariereflexo.fr\/wp-content\/uploads\/2024\/10\/1011-1024x683.jpg\" alt=\"\" class=\"wp-image-35\" srcset=\"https:\/\/mariereflexo.fr\/wp-content\/uploads\/2024\/10\/1011-1024x683.jpg 1024w, https:\/\/mariereflexo.fr\/wp-content\/uploads\/2024\/10\/1011-300x200.jpg 300w, https:\/\/mariereflexo.fr\/wp-content\/uploads\/2024\/10\/1011-768x512.jpg 768w, https:\/\/mariereflexo.fr\/wp-content\/uploads\/2024\/10\/1011.jpg 1500w\" sizes=\"auto, (max-width: 1024px) 100vw, 1024px\" \/><\/figure>\n\n\n\n<figure class=\"wp-block-image\"><img loading=\"lazy\" decoding=\"async\" width=\"1024\" height=\"683\" src=\"https:\/\/mariereflexo.fr\/wp-content\/uploads\/2024\/10\/osteopathist-treating-baby-girl-s-feet-1-1024x683.jpg\" alt=\"\" class=\"wp-image-19\" srcset=\"https:\/\/mariereflexo.fr\/wp-content\/uploads\/2024\/10\/osteopathist-treating-baby-girl-s-feet-1-1024x683.jpg 1024w, https:\/\/mariereflexo.fr\/wp-content\/uploads\/2024\/10\/osteopathist-treating-baby-girl-s-feet-1-300x200.jpg 300w, https:\/\/mariereflexo.fr\/wp-content\/uploads\/2024\/10\/osteopathist-treating-baby-girl-s-feet-1-768x512.jpg 768w, https:\/\/mariereflexo.fr\/wp-content\/uploads\/2024\/10\/osteopathist-treating-baby-girl-s-feet-1-1536x1024.jpg 1536w, https:\/\/mariereflexo.fr\/wp-content\/uploads\/2024\/10\/osteopathist-treating-baby-girl-s-feet-1-2048x1365.jpg 2048w\" sizes=\"auto, (max-width: 1024px) 100vw, 1024px\" \/><\/figure>\n\n\n\n<p>J\u2019 accueille bien \u00e9videmment tout un chacun selon sa probl\u00e9matique.<\/p>\n\n\n\n<p>N\u2019 h\u00e9sitez pas \u00e0 prendre soin de vous et essayez la r\u00e9flexologie plantaire.<\/p>\n\n\n\n<p>Je vous accompagne dans un moment de d\u00e9tente, pour vous recentrer, vous apaiser, prendre du recul et l\u00e2cher prise.<\/p>\n\n\n\n<p>Je vous soutiens dans d \u2018autres accompagnements plus sp\u00e9cifiques comme les troubles de l\u2019infertilit\u00e9 mais aussi dans les pr\u00e9parations sportives.<\/p>\n\n\n\n<p>Je vous accueille en cabinet sur rdv au&nbsp;<strong>06.08.17.16.32<\/strong><\/p>\n\n\n\n<p>Deux adresses pour mieux vous satisfaire; des lieux apaisants o\u00f9 vous pourrez profiter d\u2019un moment rien que pour vous et retrouver un r\u00e9el mieux \u00eatre.<\/p>\n\n\n\n<p><em><strong>Cabinet<\/strong><\/em>&nbsp;de&nbsp;<strong>VILLEFRANCHE SUR SAONE<\/strong>&nbsp;le&nbsp;<em>Vendredi<\/em>&nbsp;au 115 Rue grenette. Parking ursulines juste \u00e0 c\u00f4t\u00e9.<\/p>\n\n\n\n<figure class=\"wp-block-image\"><img loading=\"lazy\" decoding=\"async\" width=\"1024\" height=\"768\" src=\"https:\/\/mariereflexo.fr\/wp-content\/uploads\/2024\/10\/IMG_8946-1024x768.jpg\" alt=\"\" class=\"wp-image-27\" srcset=\"https:\/\/mariereflexo.fr\/wp-content\/uploads\/2024\/10\/IMG_8946-1024x768.jpg 1024w, https:\/\/mariereflexo.fr\/wp-content\/uploads\/2024\/10\/IMG_8946-300x225.jpg 300w, https:\/\/mariereflexo.fr\/wp-content\/uploads\/2024\/10\/IMG_8946-768x576.jpg 768w, https:\/\/mariereflexo.fr\/wp-content\/uploads\/2024\/10\/IMG_8946-1536x1152.jpg 1536w, https:\/\/mariereflexo.fr\/wp-content\/uploads\/2024\/10\/IMG_8946-2048x1536.jpg 2048w\" sizes=\"auto, (max-width: 1024px) 100vw, 1024px\" \/><\/figure>\n\n\n\n<figure class=\"wp-block-image\"><img loading=\"lazy\" decoding=\"async\" width=\"1024\" height=\"768\" src=\"https:\/\/mariereflexo.fr\/wp-content\/uploads\/2024\/10\/IMG_3828-1024x768.jpg\" alt=\"\" class=\"wp-image-23\" srcset=\"https:\/\/mariereflexo.fr\/wp-content\/uploads\/2024\/10\/IMG_3828-1024x768.jpg 1024w, https:\/\/mariereflexo.fr\/wp-content\/uploads\/2024\/10\/IMG_3828-300x225.jpg 300w, https:\/\/mariereflexo.fr\/wp-content\/uploads\/2024\/10\/IMG_3828-768x576.jpg 768w, https:\/\/mariereflexo.fr\/wp-content\/uploads\/2024\/10\/IMG_3828-1536x1152.jpg 1536w, https:\/\/mariereflexo.fr\/wp-content\/uploads\/2024\/10\/IMG_3828.jpg 2016w\" sizes=\"auto, (max-width: 1024px) 100vw, 1024px\" \/><\/figure>\n\n\n\n<p><strong><em>Cabinet<\/em>&nbsp;<\/strong>de&nbsp;<strong>CHESSY LES MINES<\/strong>&nbsp;les<em>&nbsp;Lundi et Mardi<\/em>&nbsp;au 159 Route de la Vall\u00e9e. Parking stationnement tout proche.<\/p>\n\n\n\n<figure class=\"wp-block-image\"><img loading=\"lazy\" decoding=\"async\" width=\"1024\" height=\"768\" src=\"https:\/\/mariereflexo.fr\/wp-content\/uploads\/2024\/10\/IMG_8432-1024x768.jpg\" alt=\"\" class=\"wp-image-24\" srcset=\"https:\/\/mariereflexo.fr\/wp-content\/uploads\/2024\/10\/IMG_8432-1024x768.jpg 1024w, https:\/\/mariereflexo.fr\/wp-content\/uploads\/2024\/10\/IMG_8432-300x225.jpg 300w, https:\/\/mariereflexo.fr\/wp-content\/uploads\/2024\/10\/IMG_8432-768x576.jpg 768w, https:\/\/mariereflexo.fr\/wp-content\/uploads\/2024\/10\/IMG_8432-1536x1152.jpg 1536w, https:\/\/mariereflexo.fr\/wp-content\/uploads\/2024\/10\/IMG_8432-2048x1536.jpg 2048w\" sizes=\"auto, (max-width: 1024px) 100vw, 1024px\" \/><\/figure>\n\n\n\n<figure class=\"wp-block-image\"><img loading=\"lazy\" decoding=\"async\" width=\"800\" height=\"600\" src=\"https:\/\/mariereflexo.fr\/wp-content\/uploads\/2024\/10\/PHOTO-2024-08-26-16-43-44.jpg\" alt=\"\" class=\"wp-image-28\" srcset=\"https:\/\/mariereflexo.fr\/wp-content\/uploads\/2024\/10\/PHOTO-2024-08-26-16-43-44.jpg 800w, https:\/\/mariereflexo.fr\/wp-content\/uploads\/2024\/10\/PHOTO-2024-08-26-16-43-44-300x225.jpg 300w, https:\/\/mariereflexo.fr\/wp-content\/uploads\/2024\/10\/PHOTO-2024-08-26-16-43-44-768x576.jpg 768w\" sizes=\"auto, (max-width: 800px) 100vw, 800px\" \/><\/figure>\n\n\n\n<p>Vous souhaitez une th\u00e9rapie manuelle, douce et naturelle pour retrouver et am\u00e9liorer votre bien \u00eatre quotidien?<\/p>\n\n\n\n<figure class=\"wp-block-image\"><img loading=\"lazy\" decoding=\"async\" width=\"1024\" height=\"683\" src=\"https:\/\/mariereflexo.fr\/wp-content\/uploads\/2024\/10\/medical-massage-foot-physiotherapy-center-1-1024x683.jpg\" alt=\"\" class=\"wp-image-15\" srcset=\"https:\/\/mariereflexo.fr\/wp-content\/uploads\/2024\/10\/medical-massage-foot-physiotherapy-center-1-1024x683.jpg 1024w, https:\/\/mariereflexo.fr\/wp-content\/uploads\/2024\/10\/medical-massage-foot-physiotherapy-center-1-300x200.jpg 300w, https:\/\/mariereflexo.fr\/wp-content\/uploads\/2024\/10\/medical-massage-foot-physiotherapy-center-1-768x513.jpg 768w, https:\/\/mariereflexo.fr\/wp-content\/uploads\/2024\/10\/medical-massage-foot-physiotherapy-center-1-1536x1025.jpg 1536w, https:\/\/mariereflexo.fr\/wp-content\/uploads\/2024\/10\/medical-massage-foot-physiotherapy-center-1-2048x1367.jpg 2048w\" sizes=\"auto, (max-width: 1024px) 100vw, 1024px\" \/><\/figure>\n\n\n\n<p>La r\u00e9flexologie est un soin rassurant, enveloppant qui procure imm\u00e9diatement une sensation de pl\u00e9nitude pour vous apporter ses bienfaits et soulager vos d\u00e9s\u00e9quilibres.<\/p>\n\n\n\n<figure class=\"wp-block-image\"><img loading=\"lazy\" decoding=\"async\" width=\"1024\" height=\"683\" src=\"https:\/\/mariereflexo.fr\/wp-content\/uploads\/2024\/10\/13727-1024x683.jpg\" alt=\"\" class=\"wp-image-37\" srcset=\"https:\/\/mariereflexo.fr\/wp-content\/uploads\/2024\/10\/13727-1024x683.jpg 1024w, https:\/\/mariereflexo.fr\/wp-content\/uploads\/2024\/10\/13727-300x200.jpg 300w, https:\/\/mariereflexo.fr\/wp-content\/uploads\/2024\/10\/13727-768x513.jpg 768w, https:\/\/mariereflexo.fr\/wp-content\/uploads\/2024\/10\/13727.jpg 1500w\" sizes=\"auto, (max-width: 1024px) 100vw, 1024px\" \/><\/figure>\n\n\n\n<p><strong>La r\u00e9flexologie plantaire c\u2019est quoi?<\/strong><\/p>\n\n\n\n<p>C est un massage du pied fait de pressions stimulantes ou apaisantes selon le besoin demand\u00e9.<\/p>\n\n\n\n<p>Il est \u00e9galement envisageable d \u2018associer de la r\u00e9flexologie palmaire et cr\u00e2nienne en fonction du souhait et de la probl\u00e9matique en question.<\/p>\n\n\n\n<figure class=\"wp-block-image\"><img loading=\"lazy\" decoding=\"async\" width=\"2560\" height=\"1919\" src=\"https:\/\/mariereflexo.fr\/wp-content\/uploads\/2024\/10\/finger-massage-concept-1-edited-scaled.jpg\" alt=\"\" class=\"wp-image-26\" srcset=\"https:\/\/mariereflexo.fr\/wp-content\/uploads\/2024\/10\/finger-massage-concept-1-edited-scaled.jpg 2560w, https:\/\/mariereflexo.fr\/wp-content\/uploads\/2024\/10\/finger-massage-concept-1-edited-300x225.jpg 300w, https:\/\/mariereflexo.fr\/wp-content\/uploads\/2024\/10\/finger-massage-concept-1-edited-1024x768.jpg 1024w, https:\/\/mariereflexo.fr\/wp-content\/uploads\/2024\/10\/finger-massage-concept-1-edited-768x576.jpg 768w, https:\/\/mariereflexo.fr\/wp-content\/uploads\/2024\/10\/finger-massage-concept-1-edited-1536x1152.jpg 1536w, https:\/\/mariereflexo.fr\/wp-content\/uploads\/2024\/10\/finger-massage-concept-1-edited-2048x1535.jpg 2048w\" sizes=\"auto, (max-width: 2560px) 100vw, 2560px\" \/><\/figure>\n\n\n\n<p><strong>Bienfaits de la r\u00e9flexologie<\/strong><\/p>\n\n\n\n<p>Lors d\u2019une s\u00e9ance de r\u00e9flexologie, notre corps rentre dans un \u00e9tat de d\u00e9tente profonde , le syst\u00e8me nerveux se r\u00e9\u00e9quilibre, le mental se calme et les tensions disparaissent.<\/p>\n\n\n\n<ul class=\"wp-block-list\">\n<li>Apaiser l\u2019esprit<\/li>\n\n\n\n<li>Lib\u00e9ration du stress<\/li>\n\n\n\n<li>Renforcer l immunit\u00e9<\/li>\n\n\n\n<li>Troubles urinaires et gyn\u00e9cologiques<\/li>\n\n\n\n<li>Soulager les douleurs articulaires<\/li>\n\n\n\n<li>Apaiser les troubles digestifs<\/li>\n\n\n\n<li>Accompagnements personnalis\u00e9s selon probl\u00e9matique<\/li>\n<\/ul>\n\n\n\n<p>En tant que r\u00e9flexologue je viens stimuler ou calmer les zones r\u00e9flexes des pieds ,des mains, du cr\u00e2ne pour favoriser un \u00e9quilibre physique et mental. D\u00e8s les premi\u00e8res s\u00e9ances , les sympt\u00f4mes diminuent ou disparaissent.<\/p>\n\n\n\n<p>En route vers votre bien \u00eatre!!!<\/p>\n\n\n\n<p><strong>Prestations<\/strong><\/p>\n\n\n\n<p>S\u00e9ance d\u00e9couverte \u2026\u2026\u2026\u2026\u2026\u2026\u2026\u2026\u2026\u2026\u2026.. 30 min 30 euros<\/p>\n\n\n\n<p>S\u00e9ance adultes \u2026\u2026\u2026\u2026\u2026\u2026\u2026\u2026\u2026\u2026\u2026\u2026\u2026\u2026. 1 h 60 euros<\/p>\n\n\n\n<p>S\u00e9ance r\u00e9flexologie b\u00e9b\u00e9\u2026\u2026\u2026\u2026\u2026\u2026\u2026\u2026.. 10 min max 1 euro la minute<\/p>\n\n\n\n<p>S\u00e9ance r\u00e9flexologie enfant\u2026\u2026\u2026\u2026\u2026\u2026\u2026\u2026 20 min max 1 euro la minute<\/p>\n\n\n\n<p>Drainage lymphatique (pieds et 1\/2jambes)\u2026. 30 min 35 euros<\/p>\n\n\n\n<p><strong>Quand faire de la r\u00e9flexologie?<\/strong><\/p>\n\n\n\n<p><em><strong>En cas de douleur ou mal \u00eatre, de stress<\/strong><\/em><\/p>\n\n\n\n<p>C\u2019 est un soin r\u00e9confortant qui invite \u00e0 la d\u00e9tente profonde. Cela permet une meilleure circulation de l\u2019\u00e9nergie et aide \u00e0 son r\u00e9\u00e9quilibrage.<\/p>\n\n\n\n<p>Une s\u00e9ance de r\u00e9flexologie agit aussi sur l\u2019ancrage de l \u2018esprit et favorise une bonne connexion du corps et de l\u2019esprit.<\/p>\n\n\n\n<p><em><strong>Pour les changements de saison<\/strong><\/em><\/p>\n\n\n\n<p><strong>Avant l hiver&nbsp;<\/strong>: pour renforcer l\u2019immunit\u00e9 et \u00eatre plus r\u00e9sistant face aux virus<\/p>\n\n\n\n<p><strong>Au printemps<\/strong>&nbsp;: pour relancer l\u2019organisme et lutter contre les allergies saisonni\u00e8res.<\/p>\n\n\n\n<p>Et bien s\u00fbr \u00e0 tout moment o\u00f9 vous ressentez le besoin d\u2019une pause dans votre quotidien .<\/p>\n\n\n\n<p><strong>Vos avis et t\u00e9moignages<\/strong><\/p>\n\n\n\n<p><strong>Laissez vos avis<\/strong><\/p>\n\n\n\n<p>octobre 14, 2024<\/p>\n\n\n\n<p>admin1125<\/p>\n\n\n\n<p><a href=\"https:\/\/mariereflexo.fr\/index.php\/category\/non-classe\/\">Non class\u00e9<\/a><\/p>\n\n\n\n<hr class=\"wp-block-separator has-alpha-channel-opacity\"\/>\n\n\n\n<h3 class=\"wp-block-heading\" id=\"reply-title\">Laisser un commentaire<\/h3>\n\n\n\n<p>Connexion en tant que admin1125.&nbsp;<a href=\"https:\/\/mariereflexo.fr\/wp-admin\/profile.php\">Modifier votre profil<\/a>.&nbsp;<a href=\"https:\/\/mariereflexo.fr\/wp-login.php?action=logout&amp;redirect_to=https%3A%2F%2Fmariereflexo.fr%2Findex.php%2F2024%2F10%2F14%2Fbonjour-tout-le-monde%2F&amp;_wpnonce=9d6bd7acff\">Se d\u00e9connecter&nbsp;?<\/a>&nbsp;Les champs obligatoires sont indiqu\u00e9s avec&nbsp;*<\/p>\n\n\n\n<p>Commentaire&nbsp;*&nbsp;<\/p>\n\n\n\n<p><a href=\"https:\/\/mariereflexo.fr\/\">WordPress<\/a><\/p>\n\n\n\n<p><\/p>\n","protected":false},"excerpt":{"rendered":"<p>Qui suis je ? J\u2019 ai toujours eu \u00e0 coeur de soigner et de mon point de vue la sant\u00e9 passe aussi par le bien \u00eatre, aussi la r\u00e9flexologie est naturellement venue \u00e0 moi. Dans une autre vie professionnelle , j ai exerc\u00e9 comme auxiliaire de pu\u00e9riculture en maternit\u00e9 et p\u00e9diatrie. Riche de mon exp\u00e9rience [&hellip;]<\/p>\n","protected":false},"author":1,"featured_media":0,"parent":0,"menu_order":0,"comment_status":"open","ping_status":"closed","template":"","meta":{"footnotes":""},"class_list":["post-47","page","type-page","status-publish","hentry"],"yoast_head":"<!-- This site is optimized with the Yoast SEO plugin v27.3 - https:\/\/yoast.com\/product\/yoast-seo-wordpress\/ -->\n<title>BIENVENUE SUR MON SITE - WordPress<\/title>\n<meta name=\"robots\" content=\"index, follow, max-snippet:-1, max-image-preview:large, max-video-preview:-1\" \/>\n<link rel=\"canonical\" href=\"https:\/\/mariereflexo.fr\/\" \/>\n<meta property=\"og:locale\" content=\"fr_FR\" \/>\n<meta property=\"og:type\" content=\"article\" \/>\n<meta property=\"og:title\" content=\"BIENVENUE SUR MON SITE - WordPress\" \/>\n<meta property=\"og:description\" content=\"Qui suis je ? J\u2019 ai toujours eu \u00e0 coeur de soigner et de mon point de vue la sant\u00e9 passe aussi par le bien \u00eatre, aussi la r\u00e9flexologie est naturellement venue \u00e0 moi. Dans une autre vie professionnelle , j ai exerc\u00e9 comme auxiliaire de pu\u00e9riculture en maternit\u00e9 et p\u00e9diatrie. Riche de mon exp\u00e9rience [&hellip;]\" \/>\n<meta property=\"og:url\" content=\"https:\/\/mariereflexo.fr\/\" \/>\n<meta property=\"og:site_name\" content=\"WordPress\" \/>\n<meta property=\"article:modified_time\" content=\"2024-10-25T12:40:48+00:00\" \/>\n<meta property=\"og:image\" content=\"https:\/\/mariereflexo.fr\/wp-content\/uploads\/2024\/10\/IMG_9664-768x1024.jpg\" \/>\n<meta name=\"twitter:card\" content=\"summary_large_image\" \/>\n<meta name=\"twitter:label1\" content=\"Dur\u00e9e de lecture estim\u00e9e\" \/>\n\t<meta name=\"twitter:data1\" content=\"6 minutes\" \/>\n<script type=\"application\/ld+json\" class=\"yoast-schema-graph\">{\"@context\":\"https:\\\/\\\/schema.org\",\"@graph\":[{\"@type\":\"WebPage\",\"@id\":\"https:\\\/\\\/mariereflexo.fr\\\/\",\"url\":\"https:\\\/\\\/mariereflexo.fr\\\/\",\"name\":\"BIENVENUE SUR MON SITE - WordPress\",\"isPartOf\":{\"@id\":\"https:\\\/\\\/mariereflexo.fr\\\/#website\"},\"primaryImageOfPage\":{\"@id\":\"https:\\\/\\\/mariereflexo.fr\\\/#primaryimage\"},\"image\":{\"@id\":\"https:\\\/\\\/mariereflexo.fr\\\/#primaryimage\"},\"thumbnailUrl\":\"https:\\\/\\\/mariereflexo.fr\\\/wp-content\\\/uploads\\\/2024\\\/10\\\/IMG_9664-768x1024.jpg\",\"datePublished\":\"2024-10-15T20:26:25+00:00\",\"dateModified\":\"2024-10-25T12:40:48+00:00\",\"breadcrumb\":{\"@id\":\"https:\\\/\\\/mariereflexo.fr\\\/#breadcrumb\"},\"inLanguage\":\"fr-FR\",\"potentialAction\":[{\"@type\":\"ReadAction\",\"target\":[\"https:\\\/\\\/mariereflexo.fr\\\/\"]}]},{\"@type\":\"ImageObject\",\"inLanguage\":\"fr-FR\",\"@id\":\"https:\\\/\\\/mariereflexo.fr\\\/#primaryimage\",\"url\":\"https:\\\/\\\/mariereflexo.fr\\\/wp-content\\\/uploads\\\/2024\\\/10\\\/IMG_9664-scaled.jpg\",\"contentUrl\":\"https:\\\/\\\/mariereflexo.fr\\\/wp-content\\\/uploads\\\/2024\\\/10\\\/IMG_9664-scaled.jpg\",\"width\":1920,\"height\":2560},{\"@type\":\"BreadcrumbList\",\"@id\":\"https:\\\/\\\/mariereflexo.fr\\\/#breadcrumb\",\"itemListElement\":[{\"@type\":\"ListItem\",\"position\":1,\"name\":\"Accueil\",\"item\":\"https:\\\/\\\/mariereflexo.fr\\\/\"},{\"@type\":\"ListItem\",\"position\":2,\"name\":\"BIENVENUE SUR MON SITE\"}]},{\"@type\":\"WebSite\",\"@id\":\"https:\\\/\\\/mariereflexo.fr\\\/#website\",\"url\":\"https:\\\/\\\/mariereflexo.fr\\\/\",\"name\":\"WordPress. Mariereflexo\",\"description\":\"Un site utilisant WordPress\",\"publisher\":{\"@id\":\"https:\\\/\\\/mariereflexo.fr\\\/#\\\/schema\\\/person\\\/b8e5d154f88f6c260730686828e942e8\"},\"potentialAction\":[{\"@type\":\"SearchAction\",\"target\":{\"@type\":\"EntryPoint\",\"urlTemplate\":\"https:\\\/\\\/mariereflexo.fr\\\/?s={search_term_string}\"},\"query-input\":{\"@type\":\"PropertyValueSpecification\",\"valueRequired\":true,\"valueName\":\"search_term_string\"}}],\"inLanguage\":\"fr-FR\"},{\"@type\":[\"Person\",\"Organization\"],\"@id\":\"https:\\\/\\\/mariereflexo.fr\\\/#\\\/schema\\\/person\\\/b8e5d154f88f6c260730686828e942e8\",\"name\":\"admin1125\",\"image\":{\"@type\":\"ImageObject\",\"inLanguage\":\"fr-FR\",\"@id\":\"http:\\\/\\\/mariereflexo.fr\\\/wp-content\\\/uploads\\\/2024\\\/10\\\/IMG_9664-scaled.jpg\",\"url\":\"http:\\\/\\\/mariereflexo.fr\\\/wp-content\\\/uploads\\\/2024\\\/10\\\/IMG_9664-scaled.jpg\",\"contentUrl\":\"http:\\\/\\\/mariereflexo.fr\\\/wp-content\\\/uploads\\\/2024\\\/10\\\/IMG_9664-scaled.jpg\",\"width\":1920,\"height\":2560,\"caption\":\"admin1125\"},\"logo\":{\"@id\":\"http:\\\/\\\/mariereflexo.fr\\\/wp-content\\\/uploads\\\/2024\\\/10\\\/IMG_9664-scaled.jpg\"},\"sameAs\":[\"http:\\\/\\\/mariereflexo.fr\"]}]}<\/script>\n<!-- \/ Yoast SEO plugin. -->","yoast_head_json":{"title":"BIENVENUE SUR MON SITE - WordPress","robots":{"index":"index","follow":"follow","max-snippet":"max-snippet:-1","max-image-preview":"max-image-preview:large","max-video-preview":"max-video-preview:-1"},"canonical":"https:\/\/mariereflexo.fr\/","og_locale":"fr_FR","og_type":"article","og_title":"BIENVENUE SUR MON SITE - WordPress","og_description":"Qui suis je ? J\u2019 ai toujours eu \u00e0 coeur de soigner et de mon point de vue la sant\u00e9 passe aussi par le bien \u00eatre, aussi la r\u00e9flexologie est naturellement venue \u00e0 moi. Dans une autre vie professionnelle , j ai exerc\u00e9 comme auxiliaire de pu\u00e9riculture en maternit\u00e9 et p\u00e9diatrie. Riche de mon exp\u00e9rience [&hellip;]","og_url":"https:\/\/mariereflexo.fr\/","og_site_name":"WordPress","article_modified_time":"2024-10-25T12:40:48+00:00","og_image":[{"url":"https:\/\/mariereflexo.fr\/wp-content\/uploads\/2024\/10\/IMG_9664-768x1024.jpg","type":"","width":"","height":""}],"twitter_card":"summary_large_image","twitter_misc":{"Dur\u00e9e de lecture estim\u00e9e":"6 minutes"},"schema":{"@context":"https:\/\/schema.org","@graph":[{"@type":"WebPage","@id":"https:\/\/mariereflexo.fr\/","url":"https:\/\/mariereflexo.fr\/","name":"BIENVENUE SUR MON SITE - WordPress","isPartOf":{"@id":"https:\/\/mariereflexo.fr\/#website"},"primaryImageOfPage":{"@id":"https:\/\/mariereflexo.fr\/#primaryimage"},"image":{"@id":"https:\/\/mariereflexo.fr\/#primaryimage"},"thumbnailUrl":"https:\/\/mariereflexo.fr\/wp-content\/uploads\/2024\/10\/IMG_9664-768x1024.jpg","datePublished":"2024-10-15T20:26:25+00:00","dateModified":"2024-10-25T12:40:48+00:00","breadcrumb":{"@id":"https:\/\/mariereflexo.fr\/#breadcrumb"},"inLanguage":"fr-FR","potentialAction":[{"@type":"ReadAction","target":["https:\/\/mariereflexo.fr\/"]}]},{"@type":"ImageObject","inLanguage":"fr-FR","@id":"https:\/\/mariereflexo.fr\/#primaryimage","url":"https:\/\/mariereflexo.fr\/wp-content\/uploads\/2024\/10\/IMG_9664-scaled.jpg","contentUrl":"https:\/\/mariereflexo.fr\/wp-content\/uploads\/2024\/10\/IMG_9664-scaled.jpg","width":1920,"height":2560},{"@type":"BreadcrumbList","@id":"https:\/\/mariereflexo.fr\/#breadcrumb","itemListElement":[{"@type":"ListItem","position":1,"name":"Accueil","item":"https:\/\/mariereflexo.fr\/"},{"@type":"ListItem","position":2,"name":"BIENVENUE SUR MON SITE"}]},{"@type":"WebSite","@id":"https:\/\/mariereflexo.fr\/#website","url":"https:\/\/mariereflexo.fr\/","name":"WordPress. Mariereflexo","description":"Un site utilisant WordPress","publisher":{"@id":"https:\/\/mariereflexo.fr\/#\/schema\/person\/b8e5d154f88f6c260730686828e942e8"},"potentialAction":[{"@type":"SearchAction","target":{"@type":"EntryPoint","urlTemplate":"https:\/\/mariereflexo.fr\/?s={search_term_string}"},"query-input":{"@type":"PropertyValueSpecification","valueRequired":true,"valueName":"search_term_string"}}],"inLanguage":"fr-FR"},{"@type":["Person","Organization"],"@id":"https:\/\/mariereflexo.fr\/#\/schema\/person\/b8e5d154f88f6c260730686828e942e8","name":"admin1125","image":{"@type":"ImageObject","inLanguage":"fr-FR","@id":"http:\/\/mariereflexo.fr\/wp-content\/uploads\/2024\/10\/IMG_9664-scaled.jpg","url":"http:\/\/mariereflexo.fr\/wp-content\/uploads\/2024\/10\/IMG_9664-scaled.jpg","contentUrl":"http:\/\/mariereflexo.fr\/wp-content\/uploads\/2024\/10\/IMG_9664-scaled.jpg","width":1920,"height":2560,"caption":"admin1125"},"logo":{"@id":"http:\/\/mariereflexo.fr\/wp-content\/uploads\/2024\/10\/IMG_9664-scaled.jpg"},"sameAs":["http:\/\/mariereflexo.fr"]}]}},"_links":{"self":[{"href":"https:\/\/mariereflexo.fr\/index.php\/wp-json\/wp\/v2\/pages\/47","targetHints":{"allow":["GET"]}}],"collection":[{"href":"https:\/\/mariereflexo.fr\/index.php\/wp-json\/wp\/v2\/pages"}],"about":[{"href":"https:\/\/mariereflexo.fr\/index.php\/wp-json\/wp\/v2\/types\/page"}],"author":[{"embeddable":true,"href":"https:\/\/mariereflexo.fr\/index.php\/wp-json\/wp\/v2\/users\/1"}],"replies":[{"embeddable":true,"href":"https:\/\/mariereflexo.fr\/index.php\/wp-json\/wp\/v2\/comments?post=47"}],"version-history":[{"count":2,"href":"https:\/\/mariereflexo.fr\/index.php\/wp-json\/wp\/v2\/pages\/47\/revisions"}],"predecessor-version":[{"id":51,"href":"https:\/\/mariereflexo.fr\/index.php\/wp-json\/wp\/v2\/pages\/47\/revisions\/51"}],"wp:attachment":[{"href":"https:\/\/mariereflexo.fr\/index.php\/wp-json\/wp\/v2\/media?parent=47"}],"curies":[{"name":"wp","href":"https:\/\/api.w.org\/{rel}","templated":true}]}}